{"id":43432,"date":"2020-03-27T12:24:46","date_gmt":"2020-03-27T17:24:46","guid":{"rendered":"https:\/\/heho.ca\/mon-pere-a-fait-batir-maison\/"},"modified":"2022-12-01T10:01:32","modified_gmt":"2022-12-01T16:01:32","slug":"mon-pere-a-fait-batir-maison","status":"publish","type":"page","link":"https:\/\/heho.myhello.site\/en\/mon-pere-a-fait-batir-maison\/","title":{"rendered":"Mon p\u00e8re a fait b\u00e2tir maison"},"content":{"rendered":"<div id=\"cs-content\" class=\"cs-content\"><\/div>\n","protected":false},"excerpt":{"rendered":"<p>Mon p\u00e8re a fait b\u00e2tir maison Voyageur songs1. Mon p\u00e8re a fait b\u00e2tir maison. Fringue, fringue sur l&#8217;aviron. Sont trois charpentiers qui la font. Tourti et mourti Rongeur de fusil Tr\u00e9bouille et marteau Bonjour, lutin! Fringue, fringue sur la rid\u00e8ne, Fringue, fringue sur l&#8217;aviron! 2. Sont trois charpentiers qui la font. Ils m&#8217;ont demand\u00e9 mon nom. 3. -Et Margaritta c&#8217;est &#8230; <a href=\"https:\/\/heho.myhello.site\/en\/mon-pere-a-fait-batir-maison\/\" class=\"more-link\">Read More<\/a><\/p>\n","protected":false},"author":1031,"featured_media":0,"parent":0,"menu_order":0,"comment_status":"closed","ping_status":"closed","template":"template-blank-4.php","meta":{"_acf_changed":false,"footnotes":""},"class_list":["post-43432","page","type-page","status-publish","hentry","no-post-thumbnail"],"acf":[],"_links":{"self":[{"href":"https:\/\/heho.myhello.site\/en\/wp-json\/wp\/v2\/pages\/43432","targetHints":{"allow":["GET"]}}],"collection":[{"href":"https:\/\/heho.myhello.site\/en\/wp-json\/wp\/v2\/pages"}],"about":[{"href":"https:\/\/heho.myhello.site\/en\/wp-json\/wp\/v2\/types\/page"}],"author":[{"embeddable":true,"href":"https:\/\/heho.myhello.site\/en\/wp-json\/wp\/v2\/users\/1031"}],"replies":[{"embeddable":true,"href":"https:\/\/heho.myhello.site\/en\/wp-json\/wp\/v2\/comments?post=43432"}],"version-history":[{"count":5,"href":"https:\/\/heho.myhello.site\/en\/wp-json\/wp\/v2\/pages\/43432\/revisions"}],"predecessor-version":[{"id":52229,"href":"https:\/\/heho.myhello.site\/en\/wp-json\/wp\/v2\/pages\/43432\/revisions\/52229"}],"wp:attachment":[{"href":"https:\/\/heho.myhello.site\/en\/wp-json\/wp\/v2\/media?parent=43432"}],"curies":[{"name":"wp","href":"https:\/\/api.w.org\/{rel}","templated":true}]}}