{"id":43420,"date":"2020-03-27T12:12:11","date_gmt":"2020-03-27T17:12:11","guid":{"rendered":"https:\/\/heho.ca\/un-bon-cotillon-blanc\/"},"modified":"2022-12-01T10:04:03","modified_gmt":"2022-12-01T16:04:03","slug":"un-bon-cotillon-blanc","status":"publish","type":"page","link":"https:\/\/heho.myhello.site\/en\/un-bon-cotillon-blanc\/","title":{"rendered":"Un bon cotillon blanc"},"content":{"rendered":"<div id=\"cs-content\" class=\"cs-content\"><\/div>\n","protected":false},"excerpt":{"rendered":"<p>Un bon cotillon blanc Voyageur songs1. Mon p\u00e8re et ma m\u00e8re n&#8217;ont que moi d&#8217;enfant. Encore ils m&#8217;ont fait faire un bon cotillon blanc. Je n&#8217;aimerai jamais qu&#8217;\u00e0 l\u2019\u00e2ge de quinze ans. 2. Encore ils m&#8217;ont fait faire un bon cotillon blanc Trop [long] par derri\u00e8re et trop [court] par devant. 3. J&#8217;ai pris mes ciseaux et mon beau d\u00e9 &#8230; <a href=\"https:\/\/heho.myhello.site\/en\/un-bon-cotillon-blanc\/\" class=\"more-link\">Read More<\/a><\/p>\n","protected":false},"author":1031,"featured_media":0,"parent":0,"menu_order":0,"comment_status":"closed","ping_status":"closed","template":"template-blank-4.php","meta":{"_acf_changed":false,"footnotes":""},"class_list":["post-43420","page","type-page","status-publish","hentry","no-post-thumbnail"],"acf":[],"_links":{"self":[{"href":"https:\/\/heho.myhello.site\/en\/wp-json\/wp\/v2\/pages\/43420","targetHints":{"allow":["GET"]}}],"collection":[{"href":"https:\/\/heho.myhello.site\/en\/wp-json\/wp\/v2\/pages"}],"about":[{"href":"https:\/\/heho.myhello.site\/en\/wp-json\/wp\/v2\/types\/page"}],"author":[{"embeddable":true,"href":"https:\/\/heho.myhello.site\/en\/wp-json\/wp\/v2\/users\/1031"}],"replies":[{"embeddable":true,"href":"https:\/\/heho.myhello.site\/en\/wp-json\/wp\/v2\/comments?post=43420"}],"version-history":[{"count":8,"href":"https:\/\/heho.myhello.site\/en\/wp-json\/wp\/v2\/pages\/43420\/revisions"}],"predecessor-version":[{"id":52238,"href":"https:\/\/heho.myhello.site\/en\/wp-json\/wp\/v2\/pages\/43420\/revisions\/52238"}],"wp:attachment":[{"href":"https:\/\/heho.myhello.site\/en\/wp-json\/wp\/v2\/media?parent=43420"}],"curies":[{"name":"wp","href":"https:\/\/api.w.org\/{rel}","templated":true}]}}