{"id":43402,"date":"2020-03-27T11:53:10","date_gmt":"2020-03-27T16:53:10","guid":{"rendered":"https:\/\/heho.ca\/mon-pere-il-ma-marie\/"},"modified":"2022-12-01T10:02:41","modified_gmt":"2022-12-01T16:02:41","slug":"mon-pere-il-ma-marie","status":"publish","type":"page","link":"https:\/\/heho.myhello.site\/en\/mon-pere-il-ma-marie\/","title":{"rendered":"Mon p\u00e8re, il m&#8217;a mari\u00e9"},"content":{"rendered":"<div id=\"cs-content\" class=\"cs-content\"><\/div>\n","protected":false},"excerpt":{"rendered":"<p>Mon p\u00e8re, il m&#8217;a mari\u00e9 Voyageur songs Mon p\u00e8re, il m\u2019a mari\u00e9 Oh\u00a0! Qu\u2019il est mal ais\u00e9, Un bon vieillard il m\u2019a donn\u00e9. Tu n\u2019entends pas l\u2019usage, Oh! qu&#8217;il est mal ais\u00e9 D\u2019\u00eatre amoureuse et sage Un bon vieillard il m\u2019a donn\u00e9, qui n\u2019a ni maille, ni denier. Dans sa main droite &#8230; un vert pommier Avec il me bat &#8230; <a href=\"https:\/\/heho.myhello.site\/en\/mon-pere-il-ma-marie\/\" class=\"more-link\">Read More<\/a><\/p>\n","protected":false},"author":1031,"featured_media":0,"parent":0,"menu_order":0,"comment_status":"closed","ping_status":"closed","template":"template-blank-4.php","meta":{"_acf_changed":false,"footnotes":""},"class_list":["post-43402","page","type-page","status-publish","hentry","no-post-thumbnail"],"acf":[],"_links":{"self":[{"href":"https:\/\/heho.myhello.site\/en\/wp-json\/wp\/v2\/pages\/43402","targetHints":{"allow":["GET"]}}],"collection":[{"href":"https:\/\/heho.myhello.site\/en\/wp-json\/wp\/v2\/pages"}],"about":[{"href":"https:\/\/heho.myhello.site\/en\/wp-json\/wp\/v2\/types\/page"}],"author":[{"embeddable":true,"href":"https:\/\/heho.myhello.site\/en\/wp-json\/wp\/v2\/users\/1031"}],"replies":[{"embeddable":true,"href":"https:\/\/heho.myhello.site\/en\/wp-json\/wp\/v2\/comments?post=43402"}],"version-history":[{"count":5,"href":"https:\/\/heho.myhello.site\/en\/wp-json\/wp\/v2\/pages\/43402\/revisions"}],"predecessor-version":[{"id":52232,"href":"https:\/\/heho.myhello.site\/en\/wp-json\/wp\/v2\/pages\/43402\/revisions\/52232"}],"wp:attachment":[{"href":"https:\/\/heho.myhello.site\/en\/wp-json\/wp\/v2\/media?parent=43402"}],"curies":[{"name":"wp","href":"https:\/\/api.w.org\/{rel}","templated":true}]}}