{"id":43396,"date":"2020-03-27T11:49:29","date_gmt":"2020-03-27T16:49:29","guid":{"rendered":"https:\/\/heho.ca\/mes-blancs-moutons-gardes\/"},"modified":"2022-12-01T08:49:30","modified_gmt":"2022-12-01T14:49:30","slug":"mes-blancs-moutons-gardes","status":"publish","type":"page","link":"https:\/\/heho.myhello.site\/en\/mes-blancs-moutons-gardes\/","title":{"rendered":"Mes blancs moutons gard\u00e9s"},"content":{"rendered":"<div id=\"cs-content\" class=\"cs-content\"><\/div>\n","protected":false},"excerpt":{"rendered":"<p>Mes blancs moutons gard\u00e9s Voyageur Songs Quand j &#8216;\u00e9tais de chez mon p\u00e8re, Digue dond\u00e8n&#8217;, jeune fille \u00e0 marier, [bis] II m&#8217;envoi&#8217; dessus l&#8217;herbette pour mes blancs moutons gard\u00e9s. Moi qui est encor jeunette, j&#8217;oubliai mon d\u00e9jeuner. Le valet de chez mon p\u00e8re est venu me I&#8217;apporter. -Tenez, ma joli&#8217; brunette, voil\u00e0 votre d\u00e9jeuner. -Que voulez-vous que j&#8217;en fasse ? &#8230; <a href=\"https:\/\/heho.myhello.site\/en\/mes-blancs-moutons-gardes\/\" class=\"more-link\">Read More<\/a><\/p>\n","protected":false},"author":1031,"featured_media":0,"parent":0,"menu_order":0,"comment_status":"closed","ping_status":"closed","template":"template-blank-4.php","meta":{"_acf_changed":false,"footnotes":""},"class_list":["post-43396","page","type-page","status-publish","hentry","no-post-thumbnail"],"acf":[],"_links":{"self":[{"href":"https:\/\/heho.myhello.site\/en\/wp-json\/wp\/v2\/pages\/43396","targetHints":{"allow":["GET"]}}],"collection":[{"href":"https:\/\/heho.myhello.site\/en\/wp-json\/wp\/v2\/pages"}],"about":[{"href":"https:\/\/heho.myhello.site\/en\/wp-json\/wp\/v2\/types\/page"}],"author":[{"embeddable":true,"href":"https:\/\/heho.myhello.site\/en\/wp-json\/wp\/v2\/users\/1031"}],"replies":[{"embeddable":true,"href":"https:\/\/heho.myhello.site\/en\/wp-json\/wp\/v2\/comments?post=43396"}],"version-history":[{"count":7,"href":"https:\/\/heho.myhello.site\/en\/wp-json\/wp\/v2\/pages\/43396\/revisions"}],"predecessor-version":[{"id":52180,"href":"https:\/\/heho.myhello.site\/en\/wp-json\/wp\/v2\/pages\/43396\/revisions\/52180"}],"wp:attachment":[{"href":"https:\/\/heho.myhello.site\/en\/wp-json\/wp\/v2\/media?parent=43396"}],"curies":[{"name":"wp","href":"https:\/\/api.w.org\/{rel}","templated":true}]}}