{"id":43390,"date":"2020-03-27T11:42:01","date_gmt":"2020-03-27T16:42:01","guid":{"rendered":"https:\/\/heho.ca\/menvenant-a-la-fontaine\/"},"modified":"2022-12-01T10:00:41","modified_gmt":"2022-12-01T16:00:41","slug":"menvenant-a-la-fontaine","status":"publish","type":"page","link":"https:\/\/heho.myhello.site\/en\/menvenant-a-la-fontaine\/","title":{"rendered":"M\u2019envenant \u00e0 la fontaine"},"content":{"rendered":"<div id=\"cs-content\" class=\"cs-content\"><\/div>\n","protected":false},"excerpt":{"rendered":"<p>M\u2019envenant \u00e0 la fontaine Voyageur songs1. Quand j&#8217;\u00e9tais chez mon p\u00e8re, petite Jeanetton, M&#8217;envoient \u00e0 la fontaine, pour p\u00eacher du poisson. La violette dond\u00e9n&#8217;, la violette dond\u00e9. 2. M&#8217;envoient \u00e0 la fontaine, pour p\u00eacher du poisson. La fontaine est profonde, j&#8217;me suis coul\u00e9e au fond. 3. Par ici, il y passe trois cavaliers barons. 4. -Ah! dites-nous, la belle, p\u00eachez-vous &#8230; <a href=\"https:\/\/heho.myhello.site\/en\/menvenant-a-la-fontaine\/\" class=\"more-link\">Read More<\/a><\/p>\n","protected":false},"author":1031,"featured_media":0,"parent":0,"menu_order":0,"comment_status":"closed","ping_status":"closed","template":"template-blank-4.php","meta":{"_acf_changed":false,"footnotes":""},"class_list":["post-43390","page","type-page","status-publish","hentry","no-post-thumbnail"],"acf":[],"_links":{"self":[{"href":"https:\/\/heho.myhello.site\/en\/wp-json\/wp\/v2\/pages\/43390","targetHints":{"allow":["GET"]}}],"collection":[{"href":"https:\/\/heho.myhello.site\/en\/wp-json\/wp\/v2\/pages"}],"about":[{"href":"https:\/\/heho.myhello.site\/en\/wp-json\/wp\/v2\/types\/page"}],"author":[{"embeddable":true,"href":"https:\/\/heho.myhello.site\/en\/wp-json\/wp\/v2\/users\/1031"}],"replies":[{"embeddable":true,"href":"https:\/\/heho.myhello.site\/en\/wp-json\/wp\/v2\/comments?post=43390"}],"version-history":[{"count":7,"href":"https:\/\/heho.myhello.site\/en\/wp-json\/wp\/v2\/pages\/43390\/revisions"}],"predecessor-version":[{"id":52226,"href":"https:\/\/heho.myhello.site\/en\/wp-json\/wp\/v2\/pages\/43390\/revisions\/52226"}],"wp:attachment":[{"href":"https:\/\/heho.myhello.site\/en\/wp-json\/wp\/v2\/media?parent=43390"}],"curies":[{"name":"wp","href":"https:\/\/api.w.org\/{rel}","templated":true}]}}