{"id":43382,"date":"2020-03-27T11:29:35","date_gmt":"2020-03-27T16:29:35","guid":{"rendered":"https:\/\/heho.ca\/nous-avons-deserte\/"},"modified":"2022-12-01T10:03:18","modified_gmt":"2022-12-01T16:03:18","slug":"nous-avons-deserte","status":"publish","type":"page","link":"https:\/\/heho.myhello.site\/en\/nous-avons-deserte\/","title":{"rendered":"Nous avons d\u00e9sert\u00e9"},"content":{"rendered":"<div id=\"cs-content\" class=\"cs-content\"><\/div>\n","protected":false},"excerpt":{"rendered":"<p>Nous avons d\u00e9sert\u00e9 Voyageur Songs1. Nous \u00e9tions trois soldats du r\u00e9giment d&#8217;Ong\u00e9. Pour l&#8217;amour d&#8217;une fill&#8217; nous avons d\u00e9sert\u00e9. Beau faluron dondaine, O gai Dond\u00e9! 2. Pour l&#8217;amour d&#8217;une fill&#8217; nous avons desert\u00e9. Dans mon chemin rencontr\u00e9 une mar\u00e9chauss\u00e9&#8217;. 3. M&#8217;ont pris et ils me m\u00e8n&#8217;nt aux prisons enchain\u00e9es. 4. J&#8217;y fus bien six semain&#8217;s sans \u00eatre interrog\u00e9. 5. Au &#8230; <a href=\"https:\/\/heho.myhello.site\/en\/nous-avons-deserte\/\" class=\"more-link\">Read More<\/a><\/p>\n","protected":false},"author":1031,"featured_media":0,"parent":0,"menu_order":0,"comment_status":"closed","ping_status":"closed","template":"template-blank-4.php","meta":{"_acf_changed":false,"footnotes":""},"class_list":["post-43382","page","type-page","status-publish","hentry","no-post-thumbnail"],"acf":[],"_links":{"self":[{"href":"https:\/\/heho.myhello.site\/en\/wp-json\/wp\/v2\/pages\/43382","targetHints":{"allow":["GET"]}}],"collection":[{"href":"https:\/\/heho.myhello.site\/en\/wp-json\/wp\/v2\/pages"}],"about":[{"href":"https:\/\/heho.myhello.site\/en\/wp-json\/wp\/v2\/types\/page"}],"author":[{"embeddable":true,"href":"https:\/\/heho.myhello.site\/en\/wp-json\/wp\/v2\/users\/1031"}],"replies":[{"embeddable":true,"href":"https:\/\/heho.myhello.site\/en\/wp-json\/wp\/v2\/comments?post=43382"}],"version-history":[{"count":5,"href":"https:\/\/heho.myhello.site\/en\/wp-json\/wp\/v2\/pages\/43382\/revisions"}],"predecessor-version":[{"id":52235,"href":"https:\/\/heho.myhello.site\/en\/wp-json\/wp\/v2\/pages\/43382\/revisions\/52235"}],"wp:attachment":[{"href":"https:\/\/heho.myhello.site\/en\/wp-json\/wp\/v2\/media?parent=43382"}],"curies":[{"name":"wp","href":"https:\/\/api.w.org\/{rel}","templated":true}]}}