{"id":43358,"date":"2020-03-27T10:35:26","date_gmt":"2020-03-27T15:35:26","guid":{"rendered":"https:\/\/heho.ca\/jai-trop-grand-peur-des-loups\/"},"modified":"2022-12-01T08:32:43","modified_gmt":"2022-12-01T14:32:43","slug":"jai-trop-grand-peur-des-loups","status":"publish","type":"page","link":"https:\/\/heho.myhello.site\/en\/jai-trop-grand-peur-des-loups\/","title":{"rendered":"J&#8217;ai trop grand peur des loups"},"content":{"rendered":"<div id=\"cs-content\" class=\"cs-content\"><\/div>\n","protected":false},"excerpt":{"rendered":"<p>J&#8217;ai trop grand peur des loups Voyageur Songs1. M&#8217;en revenant de Boulanger, [bis] Dans mon chemin j&#8217;ai rencontr\u00e9 Vous m&#8217;amusez toujours, Jamais je m&#8217;en irai chez nous, J&#8217;ai trop grand peur des loups. 2. Dans mon chemin j&#8217;ai rencontr\u00e9 Trois cavaliers fort bien mont\u00e9s 3. Trois cavaliers fort bien mont\u00e9s, Deux \u00e0 cheval et l&#8217;autre \u00e0 pieds. 4. Celui d&#8217;a &#8230; <a href=\"https:\/\/heho.myhello.site\/en\/jai-trop-grand-peur-des-loups\/\" class=\"more-link\">Read More<\/a><\/p>\n","protected":false},"author":1031,"featured_media":0,"parent":0,"menu_order":0,"comment_status":"closed","ping_status":"closed","template":"template-blank-4.php","meta":{"_acf_changed":false,"footnotes":""},"class_list":["post-43358","page","type-page","status-publish","hentry","no-post-thumbnail"],"acf":[],"_links":{"self":[{"href":"https:\/\/heho.myhello.site\/en\/wp-json\/wp\/v2\/pages\/43358","targetHints":{"allow":["GET"]}}],"collection":[{"href":"https:\/\/heho.myhello.site\/en\/wp-json\/wp\/v2\/pages"}],"about":[{"href":"https:\/\/heho.myhello.site\/en\/wp-json\/wp\/v2\/types\/page"}],"author":[{"embeddable":true,"href":"https:\/\/heho.myhello.site\/en\/wp-json\/wp\/v2\/users\/1031"}],"replies":[{"embeddable":true,"href":"https:\/\/heho.myhello.site\/en\/wp-json\/wp\/v2\/comments?post=43358"}],"version-history":[{"count":5,"href":"https:\/\/heho.myhello.site\/en\/wp-json\/wp\/v2\/pages\/43358\/revisions"}],"predecessor-version":[{"id":52161,"href":"https:\/\/heho.myhello.site\/en\/wp-json\/wp\/v2\/pages\/43358\/revisions\/52161"}],"wp:attachment":[{"href":"https:\/\/heho.myhello.site\/en\/wp-json\/wp\/v2\/media?parent=43358"}],"curies":[{"name":"wp","href":"https:\/\/api.w.org\/{rel}","templated":true}]}}