{"id":43247,"date":"2020-03-24T16:57:05","date_gmt":"2020-03-24T21:57:05","guid":{"rendered":"https:\/\/heho.ca\/histoire-dantan\/"},"modified":"2022-12-01T08:25:09","modified_gmt":"2022-12-01T14:25:09","slug":"histoire-dantan","status":"publish","type":"page","link":"https:\/\/heho.myhello.site\/en\/histoire-dantan\/","title":{"rendered":"Histoire d&#8217;Antan"},"content":{"rendered":"<div id=\"cs-content\" class=\"cs-content\"><\/div>\n","protected":false},"excerpt":{"rendered":"<p>Histoire d&#8217;Antan Voyageurs Songs1. Sur une montagne dans un pays lointain, Vivait une belle aux longs cheveux ch\u00e2tains. Puis un beau jour dans ce pays lointain, Un troubadour une guitare \u00e0 la main, Est arriv\u00e9 en chantant ce refrain, Ce refrain: Refrain: Quand il n&#8217;y aura plus de soleil, quand les \u00e9toiles auront sommeil, Quand l&#8217;eau de mer voudra voler, &#8230; <a href=\"https:\/\/heho.myhello.site\/en\/histoire-dantan\/\" class=\"more-link\">Read More<\/a><\/p>\n","protected":false},"author":1031,"featured_media":0,"parent":0,"menu_order":0,"comment_status":"closed","ping_status":"closed","template":"template-blank-4.php","meta":{"_acf_changed":false,"footnotes":""},"class_list":["post-43247","page","type-page","status-publish","hentry","no-post-thumbnail"],"acf":[],"_links":{"self":[{"href":"https:\/\/heho.myhello.site\/en\/wp-json\/wp\/v2\/pages\/43247","targetHints":{"allow":["GET"]}}],"collection":[{"href":"https:\/\/heho.myhello.site\/en\/wp-json\/wp\/v2\/pages"}],"about":[{"href":"https:\/\/heho.myhello.site\/en\/wp-json\/wp\/v2\/types\/page"}],"author":[{"embeddable":true,"href":"https:\/\/heho.myhello.site\/en\/wp-json\/wp\/v2\/users\/1031"}],"replies":[{"embeddable":true,"href":"https:\/\/heho.myhello.site\/en\/wp-json\/wp\/v2\/comments?post=43247"}],"version-history":[{"count":7,"href":"https:\/\/heho.myhello.site\/en\/wp-json\/wp\/v2\/pages\/43247\/revisions"}],"predecessor-version":[{"id":52150,"href":"https:\/\/heho.myhello.site\/en\/wp-json\/wp\/v2\/pages\/43247\/revisions\/52150"}],"wp:attachment":[{"href":"https:\/\/heho.myhello.site\/en\/wp-json\/wp\/v2\/media?parent=43247"}],"curies":[{"name":"wp","href":"https:\/\/api.w.org\/{rel}","templated":true}]}}