{"id":209,"date":"2016-08-30T17:48:41","date_gmt":"2016-08-30T22:48:41","guid":{"rendered":"http:\/\/festivalvoyageur.hellowebsites.ca\/?page_id=209"},"modified":"2026-03-13T13:29:06","modified_gmt":"2026-03-13T18:29:06","slug":"board-of-directors","status":"publish","type":"page","link":"https:\/\/heho.myhello.site\/en\/about-us\/board-of-directors\/","title":{"rendered":"Board of Directors"},"content":{"rendered":"<div id=\"cs-content\" class=\"cs-content\"><\/div>\n","protected":false},"excerpt":{"rendered":"<p>Board of Directors Elected membersYannick Fr\u00e9chettePresidentPascal Toupin-SelingerVice-PresidentSylvie TrudeauTreasurerMartin GautronDirectorRen\u00e9e SauretteDirector\u00c9ric GagnonDirectorBeydi Traor\u00e9DirectorBradley L\u00e9gar\u00e9DirectorCharlotte GacougnolleDirectorGilles No\u00eblDirectorPast Presidents2022-2024 &#8211; Eric Plamondon 2020-2022\u00a0&#8211; Natalie Thiesen 2018-2020\u00a0&#8211; Lynne Connelly 2016-2018 &#8211; Simon Normandeau\u00a0 2014-2016 &#8211; Daniel Leclair\u00a0 2012-2014 &#8211; Genevi\u00e8ve Cl\u00e9ment\u00a0 2009-2011 &#8211; Daniel Damphousse\u00a0 2007-2008 &#8211; G\u00e9rald Cl\u00e9ment\u00a0 2005-2006 &#8211; L\u00e9o DeGagn\u00e9\u00a0 2003-2004 &#8211; Jos\u00e9e Lemoine\u00a0 2001-2002 &#8211; Guy Joubert\u00a0 1998-2000 &#8211; Mariette &#8230; <a href=\"https:\/\/heho.myhello.site\/en\/about-us\/board-of-directors\/\" class=\"more-link\">Read More<\/a><\/p>\n","protected":false},"author":1,"featured_media":0,"parent":95,"menu_order":0,"comment_status":"closed","ping_status":"closed","template":"template-blank-4.php","meta":{"_acf_changed":false,"footnotes":""},"class_list":["post-209","page","type-page","status-publish","hentry","no-post-thumbnail"],"acf":[],"_links":{"self":[{"href":"https:\/\/heho.myhello.site\/en\/wp-json\/wp\/v2\/pages\/209","targetHints":{"allow":["GET"]}}],"collection":[{"href":"https:\/\/heho.myhello.site\/en\/wp-json\/wp\/v2\/pages"}],"about":[{"href":"https:\/\/heho.myhello.site\/en\/wp-json\/wp\/v2\/types\/page"}],"author":[{"embeddable":true,"href":"https:\/\/heho.myhello.site\/en\/wp-json\/wp\/v2\/users\/1"}],"replies":[{"embeddable":true,"href":"https:\/\/heho.myhello.site\/en\/wp-json\/wp\/v2\/comments?post=209"}],"version-history":[{"count":12,"href":"https:\/\/heho.myhello.site\/en\/wp-json\/wp\/v2\/pages\/209\/revisions"}],"predecessor-version":[{"id":70510,"href":"https:\/\/heho.myhello.site\/en\/wp-json\/wp\/v2\/pages\/209\/revisions\/70510"}],"up":[{"embeddable":true,"href":"https:\/\/heho.myhello.site\/en\/wp-json\/wp\/v2\/pages\/95"}],"wp:attachment":[{"href":"https:\/\/heho.myhello.site\/en\/wp-json\/wp\/v2\/media?parent=209"}],"curies":[{"name":"wp","href":"https:\/\/api.w.org\/{rel}","templated":true}]}}